{"id":239786,"date":"2022-11-01T12:08:27","date_gmt":"2022-11-01T12:08:27","guid":{"rendered":"https:\/\/md-trading.dk\/?post_type=product&#038;p=239786"},"modified":"2022-11-01T13:01:37","modified_gmt":"2022-11-01T13:01:37","slug":"case-poclain-1088-maxi-gravemaskine","status":"publish","type":"product","link":"https:\/\/md-trading.dk\/de\/product\/case-poclain-1088-maxi-gravemaskine\/","title":{"rendered":"CASE POCLAIN 1088 MAXIBAGGER"},"content":{"rendered":"<p>Case Poclain 1088 Maxibagger.<br \/>\nJahr 1992.<br \/>\nStunden 13.472.<br \/>\n90 cm langes Band.<br \/>\nGewicht 23.900 kg.<br \/>\nAnf\u00fcgen.<br \/>\nTransportbreite 3,27 m.<br \/>\nZus\u00e4tzliche Hydraulik nach vorne gezogen.<br \/>\nOk, das Fahrwerk rollt nicht durch, ist abgenutzt.<br \/>\nDie Maschine ist funktionsf\u00e4hig.<\/p>\n<p><a href=\"https:\/\/www.retrade.eu\/da\/aitem\/477469\/Case_Poclain_1088_Maxi_gravemaskine___excavator\" target=\"_blank\" rel=\"noopener\">Siehe Auktion<\/a><\/p>","protected":false},"excerpt":{"rendered":"<p>Case Poclain 1088 Maxibagger. Jahr 1992. Stunden 13.472. 90 cm langes Band. Gewicht 23.900 kg. Anf\u00fcgen. Transportbreite 3,27 m. Zus\u00e4tzliche Hydraulik nach vorne gezogen. Ok, das Fahrwerk rollt nicht durch, ist abgenutzt. Die Maschine ist funktionsf\u00e4hig. Siehe Auktion<\/p>","protected":false},"featured_media":239832,"comment_status":"open","ping_status":"closed","template":"","meta":{"_et_pb_use_builder":"off","_et_pb_old_content":"Hitachi ZX19-5A minigraver.\r\n\u00c5rgang 2016.\r\nTimer 783.\r\n23cm gummib\u00e6lter med udskud.\r\n1900kg.\r\nMed tiltman.\r\nSkovlpakke: 30cm og 40cm graveskovle samt 100cm planerskovl.\r\n10,6kW Yanmar motor.\r\nMaskinen er fuldt funktionsdygtig.\r\n\r\n<a class=\"produktknap\" href=\"https:\/\/www.retrade.eu\/da\/aitem\/477282\/Hitachi_ZX19-5A_minigraver___excavator\" target=\"_blank\" rel=\"noopener\">Se auktion<\/a>","_et_gb_content_width":"","rank_math_lock_modified_date":false},"product_cat":[54],"product_tag":[],"class_list":{"0":"post-239786","1":"product","2":"type-product","3":"status-publish","4":"has-post-thumbnail","6":"product_cat-gravemaskiner","8":"first","9":"instock","10":"purchasable","11":"product-type-simple"},"_links":{"self":[{"href":"https:\/\/md-trading.dk\/de\/wp-json\/wp\/v2\/product\/239786","targetHints":{"allow":["GET"]}}],"collection":[{"href":"https:\/\/md-trading.dk\/de\/wp-json\/wp\/v2\/product"}],"about":[{"href":"https:\/\/md-trading.dk\/de\/wp-json\/wp\/v2\/types\/product"}],"replies":[{"embeddable":true,"href":"https:\/\/md-trading.dk\/de\/wp-json\/wp\/v2\/comments?post=239786"}],"wp:featuredmedia":[{"embeddable":true,"href":"https:\/\/md-trading.dk\/de\/wp-json\/wp\/v2\/media\/239832"}],"wp:attachment":[{"href":"https:\/\/md-trading.dk\/de\/wp-json\/wp\/v2\/media?parent=239786"}],"wp:term":[{"taxonomy":"product_cat","embeddable":true,"href":"https:\/\/md-trading.dk\/de\/wp-json\/wp\/v2\/product_cat?post=239786"},{"taxonomy":"product_tag","embeddable":true,"href":"https:\/\/md-trading.dk\/de\/wp-json\/wp\/v2\/product_tag?post=239786"}],"curies":[{"name":"wp","href":"https:\/\/api.w.org\/{rel}","templated":true}]}}