{"id":370,"date":"2021-01-13T12:25:41","date_gmt":"2021-01-13T12:25:41","guid":{"rendered":"https:\/\/md-trading.dk\/?page_id=370"},"modified":"2023-05-12T08:20:53","modified_gmt":"2023-05-12T08:20:53","slug":"kontakt","status":"publish","type":"page","link":"https:\/\/md-trading.dk\/de\/kontakt\/","title":{"rendered":"Kontakt"},"content":{"rendered":"<p>[et_pb_section fb_built=\u201c1\u2033 _builder_version=\u201c4.19.1\u201c use_background_color_gradient=\u201con\u201c background_color_gradient_stops=\u201crgba(0,0,0,0.58) 0%|rgba(0,0,0,0.58) 100%\u201c background_color_gradient_overlays_image=\u201con \u201ebackground_color_gradient_start=\u201crgba(0,0,0,0.58)\u201c background_color_gradient_end=\u201crgba(0,0,0,0.58)\u201c background_image=\u201chttps:\/\/md-trading.dk\/wp-content\/uploads\/2022\/ 11\/IMG_4785-scaled.jpg\u201c background_position=\u201ctop_center\u201c background_vertical_offset=\u201c28%\u201c custom_padding=\u201c0px||66px||false|false\u201c Locked=\u201coff\u201c global_colors_info=\u201c{}\u201c][et_pb_row use_custom_gutter=\u201con\u201c gutter_width=\u201c2\u2033 custom_padding_last_edited=\u201con|phone\u201c _builder_version=\u201c4.18.1\u2033 width_tablet=\u201c90%\u201c width_phone=\u201c90%\u201c width_last_edited=\u201con|desktop\u201c max_width=\u201c1440px\u201c custom_padding=\u201c11vh||0vh|| false|false\u201c custom_padding_tablet=\u201c15vh||15vh||true|false\u201c custom_padding_phone=\u201c13vh||13vh||true|false\u201canimation_style=\u201cslide\u201canimation_direction=\u201ctop\u201canimation_duration=\u201c1500ms\u201cglobal_colors_info=\u201c{} \u201d][et_pb_column type=\u201c4_4\u2033 _builder_version=\u201c4.16\u2033 global_colors_info=\u201c{}\u201c][et_pb_text module_class=\u201csuperscript\u201c _builder_version=\u201c4.18.1\u2033 text_font=\u201c||||||||\u201c text_text_color=\u201c#ffffff\u201c text_font_size=\u201c18px\u201c text_line_height=\u201c1em\u201c global_colors_info=\u201c{}\u201c]<\/p>\n<p>HABT IHR FRAGEN?<\/p>\n<p>[\/et_pb_text][et_pb_text _builder_version=\u201c4.18.1\u2033 header_font=\u201c|||||||||\u201c header_text_align=\u201cleft\u201c header_text_color=\u201c#ffffff\u201c header_font_size=\u201c72px\u201c header_line_height=\u201c1.1em\u201c custom_margin=\u201c25px||false|false\u201c custom_margin_tablet=\u201c-10px||false|false\u201c custom_margin_phone=\u201c- 10px||false |false\u201c custom_margin_last_edited=\u201con|phone\u201c header_font_size_tablet=\u201c\u201c header_font_size_phone=\u201c40px\u201c header_font_size_last_edited=\u201con|phone\u201c global_colors_info=\u201c{}\u201c]<\/p>\n<h1>Kontaktiere mich<\/h1>\n<p>[\/et_pb_text][\/et_pb_column][\/et_pb_row][\/et_pb_section][et_pb_section fb_built=\u201c1\u2033 _builder_version=\u201c4.18.1\u201c background_enable_color=\u201coff\u201c custom_padding=\u201c1px||120px||false|false\u201c global_colors_info= \u201d \u201e{}\u201c][et_pb_row columns_structure=\u201c1_2,1_2\u2033 use_custom_gutter=\u201con\u201c gutter_width=\u201c2\u2033 custom_padding_last_edited=\u201con|tablet\u201c _builder_version=\u201c4.18.1\u201c width_tablet=\u201c90%\u201c width_phone=\u201c90%\u201c width_last_edited = \u201eon|desktop\u201c max_width=\u201c1440px\u201c custom_padding=\u201c120px||0px|||\u201c custom_padding_tablet=\u201c120px|35px|0px|35px|false|false\u201c custom_padding_phone=\u201c|0px||0px|false|false\u201c global_colors_info=\u201c{}\u201c][et_pb_column type=\u201c1_2\u2033 _builder_version=\u201c4.16\u2033 custom_padding=\u201c ||||false|false\u201c custom_padding_tablet=\u201c0px||35px||false|false\u201c custom_padding_phone=\u201c0px||0px||false|false\u201c custom_padding_last_edited=\u201coff|desktop\u201c global_colors_info=\u201c{}\u201c][et_pb_text module_class=\u201csuperscript\u201c _builder_version=\u201c4.18.1\u2033 text_font=\u201c|||||||||\u201c text_text_color=\u201c#999999\u2033 text_font_size=\u201c18px\u201c text_line_height=\u201c1em\u201c global_colors_info=\u201c{}\u201c]<\/p>\n<p>MD TRADING APS<\/p>\n<p>[\/et_pb_text][et_pb_text _builder_version=\u201c4.18.1\u2033 header_3_font=\u201c|||||||||\u201c header_3_text_align=\u201cleft\u201c header_3_text_color=\u201c#202020\u201c header_3_font_size=\u201c48px\u201c header_3_line_height=\u201c1.1em\u201c custom_margin_tablet=\u201c-10px||false|false\u201c custom_margin_phone=\u201c-10px||false|false\u201c custom_margin_last_edited=\u201c am|Telefon\u201c header_3_font_size_tablet=\u201c\u201c header_3_font_size_phone=\u201c30px\u201c header_3_font_size_last_edited=\u201con|phone\u201c global_colors_info=\u201c{}\u201c]<\/p>\n<h3>Kontaktiere mich<\/h3>\n<p>[\/et_pb_text][et_pb_text _builder_version=\u201c4.18.1\u2033 text_font=\u201c|||||||||\u201c text_text_color=\u201c#202020\u201c text_font_size=\u201c18px\u201c text_line_height=\u201c1.8em\u201c link_font=\u201c|||||||||\u201c link_text_color=\u201c#333533\u2033 header_6_font=\u201c|700|||||||\u201c header_6_text_color=\u201c#282828\u201c header_6_font_size=\u201c25px\u201c max_width=\u201c443px\u201c module_alignment=\u201cleft\u201c custom_margin=\u201c-5px||false|false\u201c custom_margin_tablet=\u201c-15px||false|false\u201c custom_margin_phone=\u201c- 15px||| |false|false\u201c custom_margin_last_edited=\u201con|phone\u201c header_6_font_size_tablet=\u201c20px\u201c header_6_font_size_phone=\u201c\u201c header_6_font_size_last_edited=\u201con|phone\u201c global_colors_info=\u201c{}\u201c]<\/p>\n<h6>MD Trading ApS<\/h6>\n<p><span>CVR: 42381438<br \/><\/span>Marielystvej 5<br \/>6100 Haderslev<\/p>\n<p>[\/et_pb_text][et_pb_text _builder_version=\u201c4.21.0\u2033 text_font=\u201c|||||||||\u201c text_text_color=\u201c#333533\u2033 text_font_size=\u201c18px\u201c text_line_height=\u201c1.8em\u201c link_font=\u201c|700|||||||\u201c link_text_color=\u201c#333533\u2033 header_6_font=\u201c|700|||||||\u201c header_6_text_color=\u201c#202020\u201c header_6_font_size=\u201c25px\u201c max_width=\u201c443px\u201c module_alignment=\u201cleft\u201c custom_margin=\u201c25px||false|false\u201c custom_margin_tablet=\u201c-15px||false|false\u201c custom_margin_phone=\u201c-15px |||| false|false\u201c custom_margin_last_edited=\u201con|phone\u201c hover_enabled=\u201c0\u2033 header_6_font_size_tablet=\u201c20px\u201c header_6_font_size_phone=\u201c\u201c header_6_font_size_last_edited=\u201con|phone\u201c global_colors_info=\u201c{}\u201c sticky_enabled=\u201c0\u2033]<\/p>\n<h6>Kontakt:<\/h6>\n<p><span>Telefon: <a href=\"tel:51803660\">51 80 36 60<\/a><br \/>Email: <a target=\"_blank\" class=\"c-link\" data-stringify-link=\"mailto:hovgaard120@hotmail.com\" delay=\"150\" data-sk=\"tooltip_parent\" aria-haspopup=\"menu\" aria-expanded=\"false\" href=\"mailto:hovgaard120@hotmail.com\" rel=\"noopener noreferrer\">hovgaard120@hotmail.com<\/a><br \/><\/span><\/p>\n<p>[\/et_pb_text][et_pb_text _builder_version=\u201c4.18.1\u2033 text_font=\u201c|||||||||\u201c text_text_color=\u201c#333533\u2033 text_font_size=\u201c18px\u201c text_line_height=\u201c1.8em\u201c link_font=\u201c|700|||||||\u201c link_text_color=\u201c#333533\u2033 header_6_font=\u201c|||||||||\u201c header_6_text_color=\u201c#202020\u201c header_6_font_size=\u201c25px\u201c max_width=\u201c443px\u201c module_alignment=\u201cleft\u201c custom_margin=\u201c25px||false|false\u201c custom_margin_tablet=\u201c-15px||false|false\u201c custom_margin_phone=\u201c-15px |||| false|false\u201c custom_margin_last_edited=\u201con|phone\u201c header_6_font_size_tablet=\u201c20px\u201c header_6_font_size_phone=\u201c\u201c header_6_font_size_last_edited=\u201con|phone\u201c global_colors_info=\u201c{}\u201c]<\/p>\n<h6><span><strong>Sie m\u00f6chten Ihre Maschine verkaufen?<\/strong><\/span><\/h6>\n<p>Ich bin immer bereit zu helfen<br \/>Anruf unter Tel. <a href=\"tel:51803660\">51 80 36 60<\/a><br \/>Oder f\u00fcllen Sie das Kontaktformular aus. Ich werde mich schnellstm\u00f6glich bei Ihnen melden<\/p>\n<p>[\/et_pb_text][\/et_pb_column][et_pb_column type=\u201c1_2\u2033 _builder_version=\u201c4.18.1\u2033 background_image=\u201chttps:\/\/md-trading.dk\/wp-content\/uploads\/2022\/10\/1608198974115.jpg\u201c custom_padding =\u201c||||false|false\u201c custom_padding_tablet=\u201c0px||35px||false|false\u201c custom_padding_phone=\u201c0px||0px||false|false\u201c custom_padding_last_edited=\u201coff|desktop\u201c global_colors_info=\u201c{}\u201c] [et_pb_divider show_divider=\u201coff\u201c _builder_version=\u201c4.18.1\u201c _module_preset=\u201cdefault\u201c height=\u201c45vh\u201c height_tablet=\u201c45vh\u201c height_phone=\u201c30vh\u201c height_last_edited=\u201con|phone\u201c Locked=\u201coff\u201c global_colors_info=\u201c{ }\u201c][\/et_pb_divider][\/et_pb_column][\/et_pb_row][\/et_pb_section]<\/p>","protected":false},"excerpt":{"rendered":"<p>HABEN SIE FRAGEN? Kontaktieren Sie meMD TRADING APSKontaktieren Sie meMD Trading ApS CVR: 42381438Marielystvej 56100 HaderslevKontakt: Telefon: 51 80 36 60E-Mail: hovgaard120@hotmail.comM\u00f6chten Sie Ihre Maschine verkaufen? Ich stehe Ihnen jederzeit gerne zur Verf\u00fcgung. Rufen Sie uns unter der Telefonnummer 51 80 36 60 an oder f\u00fcllen Sie das Kontaktformular aus. Ich werde mich so schnell wie m\u00f6glich bei Ihnen melden<\/p>","protected":false},"author":1,"featured_media":0,"parent":0,"menu_order":0,"comment_status":"closed","ping_status":"closed","template":"","meta":{"_et_pb_use_builder":"on","_et_pb_old_content":"","_et_gb_content_width":"","rank_math_lock_modified_date":false,"footnotes":""},"class_list":["post-370","page","type-page","status-publish","hentry"],"_links":{"self":[{"href":"https:\/\/md-trading.dk\/de\/wp-json\/wp\/v2\/pages\/370","targetHints":{"allow":["GET"]}}],"collection":[{"href":"https:\/\/md-trading.dk\/de\/wp-json\/wp\/v2\/pages"}],"about":[{"href":"https:\/\/md-trading.dk\/de\/wp-json\/wp\/v2\/types\/page"}],"author":[{"embeddable":true,"href":"https:\/\/md-trading.dk\/de\/wp-json\/wp\/v2\/users\/1"}],"replies":[{"embeddable":true,"href":"https:\/\/md-trading.dk\/de\/wp-json\/wp\/v2\/comments?post=370"}],"version-history":[{"count":39,"href":"https:\/\/md-trading.dk\/de\/wp-json\/wp\/v2\/pages\/370\/revisions"}],"predecessor-version":[{"id":240169,"href":"https:\/\/md-trading.dk\/de\/wp-json\/wp\/v2\/pages\/370\/revisions\/240169"}],"wp:attachment":[{"href":"https:\/\/md-trading.dk\/de\/wp-json\/wp\/v2\/media?parent=370"}],"curies":[{"name":"wp","href":"https:\/\/api.w.org\/{rel}","templated":true}]}}