{"id":240174,"date":"2023-06-12T10:01:51","date_gmt":"2023-06-12T10:01:51","guid":{"rendered":"https:\/\/md-trading.dk\/?page_id=240174"},"modified":"2023-06-13T09:28:26","modified_gmt":"2023-06-13T09:28:26","slug":"forloebet","status":"publish","type":"page","link":"https:\/\/md-trading.dk\/de\/forloebet\/","title":{"rendered":"Der Kurs"},"content":{"rendered":"<p>[et_pb_section fb_built=\u201c1\u2033 _builder_version=\u201c4.21.0\u201c _module_preset=\u201cdefault\u201c global_colors_info=\u201c{}\u201c][et_pb_row _builder_version=\u201c4.21.0\u2033 _module_preset=\u201cdefault\u201c global_colors_info=\u201c{}\u201c][et_pb_column type =\u201c4_4\u2033 _builder_version=\u201c4.21.0\u201c _module_preset=\u201cdefault\u201c global_colors_info=\u201c{}\u201c][et_pb_text _builder_version=\u201c4.21.0\u201c _module_preset=\u201cdefault\u201c header_font=\u201c||||||||\u201c Header_text_color = \u201d#202020 \u2033 header_font_size =\u201d 72px \u201dCustom_Margin =\u201d 0px || 0px || false | false \u201dCustom_padding =\u201d 0px || 0px || false \u201dfishe_font_size_tablet =&quot; ited = \u201dauf |phone\u201c gesperrt=\u201caus\u201c global_colors_info=\u201c{}\u201c]<\/p>\n<h1 style=\"text-align: center;\"><span style=\"vertical-align: inherit;\"><span style=\"vertical-align: inherit;\">Verkaufen Sie Ihre Maschine \u2013<br \/>So l\u00e4uft das<\/span><\/span><\/h1>\n<p>[\/et_pb_text][et_pb_text _builder_version=\u201c4.21.0\u201c _module_preset=\u201cdefault\u201c text_text_color=\u201c#202020\u201c text_font_size=\u201c18px\u201c max_width=\u201c100%\u201c max_width_tablet=\u201c80%\u201c max_width_phone=\u201c90% \u201d max_width_last_edited=\u201con|tablet\u201c custom_margin=\u201c0px||0px||false|false\u201c custom_padding=\u201c20px||20px||true|false\u201c lock=\u201coff\u201c global_colors_info=\u201c{}\u201c]<\/p>\n<p style=\"text-align: center;\">Sie m\u00fcssen Ihre gebrauchte Landmaschine, Baumaschine, Ihren Firmenwagen oder LKW entsorgen? Kontaktieren Sie mich zuerst.<\/p>\n<p style=\"text-align: center;\">Ich biete Ihnen die M\u00f6glichkeit, Ihre Maschinen auf einem gro\u00dfen Online-Auktionsmarkt mit \u00fcber 100.000 registrierten K\u00e4ufern zu verkaufen.<\/p>\n<p style=\"text-align: center;\">Ich habe den Prozess einfach und klar gestaltet. In 4 einfachen Schritten begleite ich Sie vom ersten Gespr\u00e4ch bis zur verkauften Maschine. Das Beste ist unser \u201eVerkauft oder KOSTENLOS\u201c-Angebot, bei dem Sie den gew\u00fcnschten Mindestpreis f\u00fcr Ihre Maschinen festlegen.<\/p>\n<p>[\/et_pb_text][\/et_pb_column][\/et_pb_row][\/et_pb_section][et_pb_section fb_built=\u201c1\u2033 _builder_version=\u201c4.21.0\u201c _module_preset=\u201cdefault\u201c background_image=\u201chttps:\/\/md-trading.dk\/wp- content\/uploads\/2022\/11\/IMG_1116-scaled.jpg\u201c global_colors_info=\u201c{}\u201c][et_pb_row columns_structure=\u201c1_4,1_4,1_4,1_4\u2033 use_custom_gutter=\u201con\u201c gutter_width=\u201c1\u2033 _builder_version=\u201c4.21.0 \u2033 _module_preset=\u201cdefault\u201c background_color=\u201crgba(51,53,51,0.7)\u201c width=\u201c90%\u201c max_width=\u201c90%\u201c max_width_tablet=\u201c420px\u201c max_width_phone=\u201c420px\u201c max_width_last_edited=\u201coff|desktop\u201c custom_margin=\u201c 0px||0px||false|false\u201c custom_padding=\u201c40px|20px|40px|20px|true|true\u201c global_colors_info=\u201c{}\u201c][et_pb_column type=\u201c1_4\u201c _builder_version=\u201c4.21.0\u201c _module_preset=\u201cdefault \u201ecustom_padding=\u201c|55px||55px|false|false\u201c custom_padding_tablet=\u201c|20px||20px|false|true\u201c custom_padding_phone=\u201c|0px||0px|false|false\u201c custom_padding_last_edited=\u201con|phone\u201c custom_css_main_element=\u201c text-align:center;\u201c global_colors_info=\u201c{}\u201c][et_pb_image src=\u201chttps:\/\/md-trading.dk\/wp-content\/uploads\/2023\/06\/Group-23-4.png\u201c title_text=\u201cGruppe 23\u201c align=\u201ccenter \u201d _builder_version=\u201c4.21.0\u201c _module_preset=\u201cdefault\u201c background_enable_color=\u201coff\u201c width=\u201c120px\u201c width_tablet=\u201c90px\u201c width_phone=\u201c90px\u201c width_last_edited=\u201con|tablet\u201c module_alignment=\u201ccenter\u201c custom_margin=\u201c|| 30px||false|false\u201c custom_padding=\u201c||||true|true\u201c global_colors_info=\u201c{}\u201c][\/et_pb_image][et_pb_text _builder_version=\u201c4.21.0\u201c _module_preset=\u201cdefault\u201c header_text_color=\u201c#FFFFFF\u201c header_3_font= \u201d \u201d|600||on|||||\u201c header_3_text_align=\u201ccenter\u201c header_3_text_color=\u201c#FFFFFF\u201c header_3_font_size=\u201c21px\u201c custom_margin=\u201c0px||0px||false|false\u201c custom_padding=\u201c0px||0px||false|false\u201c global_colors_info=\u201c{}\u201c]<\/p>\n<h3>1. Kontaktieren Sie uns<\/h3>\n<p>[\/et_pb_text][et_pb_text _builder_version=\u201c4.21.0\u201c _module_preset=\u201cdefault\u201c text_font=\u201c|||||||||\u201c text_text_color=\u201c#FFFFFF\u201c text_font_size=\u201c18px\u201c text_line_height=\u201c1.4em\u201c text_orientation=\u201ccenter\u201c custom_margin=\u201c0px||0px||false|false\u201c custom_margin_tablet=\u201c0px||70px||false|false\u201c custom_margin_phone=\u201c 0px||50px||false|false\u201c custom_margin_last_edited=\u201con|tablet\u201c custom_padding=\u201c0px||0px||false|true\u201c global_colors_info=\u201c{}\u201c]<\/p>\n<p>Sie kontaktieren mich und erz\u00e4hlen mir ein wenig \u00fcber die Maschine, die Sie verkaufen m\u00f6chten und wo sie sich befindet.<\/p>\n<p>[\/et_pb_text][et_pb_image src=\u201chttps:\/\/md-trading.dk\/wp-content\/uploads\/2023\/06\/Pil.png\u201c title_text=\u201cPil\u201c invalid_on=\u201con|off|off\u201c _builder_version=\u201c 4.21.0\u2033 _module_preset=\u201cdefault\u201c positionierung=\u201cabsolute\u201c position_origin_a=\u201ctop_right\u201c Vertical_offset=\u201c25px\u201c horizontal_offset=\u201c-80px\u201c max_width=\u201c160px\u201c custom_margin=\u201c0px||0px||false|false\u201c custom_padding= \u201d \u201d0px||0px||false|false\u201c global_colors_info=\u201c{}\u201c][\/et_pb_image][\/et_pb_column][et_pb_column type=\u201c1_4\u2033 _builder_version=\u201c4.21.0\u201c _module_preset=\u201cdefault\u201c custom_padding=\u201c| 55px ||55px|false|false\u201c custom_padding_tablet=\u201c|20px||20px|false|true\u201c custom_padding_phone=\u201c|0px||0px|false|false\u201c custom_padding_last_edited=\u201con|phone\u201c custom_css_main_element=\u201ctext-align:center ; &quot; global_colors_info=\u201c{}\u201c][et_pb_image src=\u201chttps:\/\/md-trading.dk\/wp-content\/uploads\/2023\/06\/Group-21-4.png\u201c title_text=\u201cGruppe 21\u201c align=\u201ccenter \u201d _builder_version=\u201c4.21.0\u201c _module_preset=\u201cdefault\u201c background_enable_color=\u201coff\u201c width=\u201c120px\u201c width_tablet=\u201c90px\u201c width_phone=\u201c90px\u201c width_last_edited=\u201con|tablet\u201c module_alignment=\u201ccenter\u201c custom_margin=\u201c|| 30px||false|false\u201c custom_padding=\u201c||||true|true\u201c global_colors_info=\u201c{}\u201c][\/et_pb_image][et_pb_text _builder_version=\u201c4.21.0\u201c _module_preset=\u201cdefault\u201c header_text_color=\u201c#FFFFFF\u201c header_3_font= \u201d \u201d|600||on|||||\u201c header_3_text_align=\u201ccenter\u201c header_3_text_color=\u201c#FFFFFF\u201c header_3_font_size=\u201c21px\u201c custom_margin=\u201c0px||0px||false|false\u201c custom_padding=\u201c0px||0px||false|false\u201c global_colors_info=\u201c{}\u201c]<\/p>\n<h3>2. Wir haben ein Treffen<\/h3>\n<p>[\/et_pb_text][et_pb_text _builder_version=\u201c4.21.0\u201c _module_preset=\u201cdefault\u201c text_font=\u201c|||||||||\u201c text_text_color=\u201c#FFFFFF\u201c text_font_size=\u201c18px\u201c text_line_height=\u201c1.4em\u201c text_orientation=\u201ccenter\u201c custom_margin=\u201c0px||0px||false|false\u201c custom_margin_tablet=\u201c0px||70px||false|false\u201c custom_margin_phone=\u201c 0px||50px||false|false\u201c custom_margin_last_edited=\u201con|tablet\u201c custom_padding=\u201c0px||0px||false|false\u201c global_colors_info=\u201c{}\u201c]<\/p>\n<p>Wir vereinbaren einen Termin an der Adresse, an der sich die Maschine befindet. Hier machen wir Verkaufsfotos und erstellen eine Beschreibung.<\/p>\n<p>[\/et_pb_text][et_pb_image src=\u201chttps:\/\/md-trading.dk\/wp-content\/uploads\/2023\/06\/Pil-1.png\u201c title_text=\u201cPil-1\u2033 invalid_on=\u201con|on|off \u201d _builder_version=\u201c4.21.0\u201c _module_preset=\u201cdefault\u201c positionierung=\u201cabsolute\u201c position_origin_a=\u201ctop_right\u201c Vertical_offset=\u201c25px\u201c horizontal_offset=\u201c-80px\u201c max_width=\u201c160px\u201c custom_margin=\u201c0px||0px||false| false\u201c custom_padding=\u201c0px||0px||false|false\u201c global_colors_info=\u201c{}\u201c][\/et_pb_image][\/et_pb_column][et_pb_column type=\u201c1_4\u2033 _builder_version=\u201c4.21.0\u201c _module_preset=\u201cdefault\u201c custom_padding =\u201c|55px||55px|false|false\u201c custom_padding_tablet=\u201c|20px||20px|false|true\u201c custom_padding_phone=\u201c|0px||0px|false|false\u201c custom_padding_last_edited=\u201con|phone\u201c custom_css_main_element=\u201ctext- im Zentrum anordnen;&quot; global_colors_info=\u201c{}\u201c][et_pb_image src=\u201chttps:\/\/md-trading.dk\/wp-content\/uploads\/2023\/06\/Group-22-4.png\u201c title_text=\u201cGruppe 22\u201c align=\u201ccenter \u201d _builder_version=\u201c4.21.0\u201c _module_preset=\u201cdefault\u201c background_enable_color=\u201coff\u201c width=\u201c120px\u201c width_tablet=\u201c90px\u201c width_phone=\u201c90px\u201c width_last_edited=\u201con|tablet\u201c module_alignment=\u201ccenter\u201c custom_margin=\u201c|| 30px||false|false\u201c custom_padding=\u201c||||true|true\u201c global_colors_info=\u201c{}\u201c width__hover_enabled=\u201coff|desktop\u201c][\/et_pb_image][et_pb_text _builder_version=\u201c4.21.0\u201c _module_preset=\u201cdefault\u201c header_text_color=\u201c#FFFFFF\u201c header_3_font=\u201c|600||on||||\u201c header_3_text_align=\u201ccenter\u201c header_3_text_color=\u201c#FFFFFF\u201c header_3_font_size=\u201c21px\u201c custom_margin=\u201c0px||0px||false|false\u201c custom_padding=\u201c0px||0px||false|false\u201c global_colors_info=\u201c{}\u201c]<\/p>\n<h3>3. Wir vereinbaren den Mindestpreis<\/h3>\n<p>[\/et_pb_text][et_pb_text _builder_version=\u201c4.21.0\u201c _module_preset=\u201cdefault\u201c text_font=\u201c|||||||||\u201c text_text_color=\u201c#FFFFFF\u201c text_font_size=\u201c18px\u201c text_line_height=\u201c1.4em\u201c text_orientation=\u201ccenter\u201c custom_margin=\u201c0px||0px||false|false\u201c custom_margin_tablet=\u201c0px||70px||false|false\u201c custom_margin_phone=\u201c 0px||50px||false|false\u201c custom_margin_last_edited=\u201con|tablet\u201c custom_padding=\u201c0px||0px||false|false\u201c global_colors_info=\u201c{}\u201c]<\/p>\n<p>Wir legen einen Mindestpreis f\u00fcr die Waren fest, der der niedrigste Preis ist, den wir zum Verkauf zu akzeptieren bereit sind.<\/p>\n<p>[\/et_pb_text][et_pb_image src=\u201chttps:\/\/md-trading.dk\/wp-content\/uploads\/2023\/06\/Pil.png\u201c title_text=\u201cPil\u201c invalid_on=\u201con|off|off\u201c _builder_version=\u201c 4.21.0\u2033 _module_preset=\u201cdefault\u201c positionierung=\u201cabsolute\u201c position_origin_a=\u201ctop_right\u201c Vertical_offset=\u201c25px\u201c horizontal_offset=\u201c-80px\u201c max_width=\u201c160px\u201c custom_margin=\u201c0px||0px||false|false\u201c custom_padding= \u201d \u201d0px||0px||false|false\u201c global_colors_info=\u201c{}\u201c][\/et_pb_image][\/et_pb_column][et_pb_column type=\u201c1_4\u2033 _builder_version=\u201c4.21.0\u201c _module_preset=\u201cdefault\u201c custom_padding=\u201c| 55px ||55px|false|false\u201c custom_padding_tablet=\u201c|20px||20px|false|true\u201c custom_padding_phone=\u201c|0px||0px|false|false\u201c custom_padding_last_edited=\u201con|phone\u201c custom_css_main_element=\u201ctext-align:center ; &quot; global_colors_info=\u201c{}\u201c][et_pb_image src=\u201chttps:\/\/md-trading.dk\/wp-content\/uploads\/2023\/06\/Group-20-4.png\u201c title_text=\u201cGruppe 20\u201c align=\u201ccenter \u201d _builder_version=\u201c4.21.0\u201c _module_preset=\u201cdefault\u201c background_enable_color=\u201coff\u201c width=\u201c120px\u201c width_tablet=\u201c90px\u201c width_phone=\u201c90px\u201c width_last_edited=\u201con|tablet\u201c module_alignment=\u201ccenter\u201c custom_margin=\u201c|| 30px||false|false\u201c custom_padding=\u201c||||true|true\u201c global_colors_info=\u201c{}\u201c][\/et_pb_image][et_pb_text _builder_version=\u201c4.21.0\u201c _module_preset=\u201cdefault\u201c header_text_color=\u201c#FFFFFF\u201c header_3_font= \u201d \u201d|600||on|||||\u201c header_3_text_align=\u201ccenter\u201c header_3_text_color=\u201c#FFFFFF\u201c header_3_font_size=\u201c21px\u201c custom_margin=\u201c0px||0px||false|false\u201c custom_padding=\u201c0px||0px||false|false\u201c global_colors_info=\u201c{}\u201c]<\/p>\n<h3>4. <span>Auktion und Verkauf<\/span><\/h3>\n<p>[\/et_pb_text][et_pb_text _builder_version=\u201c4.21.0\u201c _module_preset=\u201cdefault\u201c text_font=\u201c|||||||||\u201c text_text_color=\u201c#FFFFFF\u201c text_font_size=\u201c18px\u201c text_line_height=\u201c1.4em\u201c text_orientation=\u201ccenter\u201c custom_margin=\u201c0px||0px||false|false\u201c custom_margin_tablet=\u201c0px||70px||false|false\u201c custom_margin_phone=\u201c 0px||50px||false|false\u201c custom_margin_last_edited=\u201con|tablet\u201c custom_padding=\u201c0px||0px||false|false\u201c global_colors_info=\u201c{}\u201c]<\/p>\n<p>Die Auktion dauert in der Regel 14 Tage, abh\u00e4ngig von der Anzahl der K\u00e4ufer. Bei Erreichen des Mindestpreises ist die Lieferung vereinbart.<\/p>\n<p>[\/et_pb_text][\/et_pb_column][\/et_pb_row][\/et_pb_section][et_pb_section fb_built=\u201c1\u2033 _builder_version=\u201c4.21.0\u201c _module_preset=\u201cdefault\u201c global_colors_info=\u201c{}\u201c][et_pb_row _builder_version=\u201c4.21.0 \u2033 _module_preset=\u201cdefault\u201c custom_margin=\u201c0px||0px||true|true\u201c custom_padding=\u201c0px||0px||true|true\u201c global_colors_info=\u201c{}\u201c][et_pb_column type=\u201c4_4\u2033 _builder_version=\u201c4.21 .0\u2033 _module_preset=\u201cdefault\u201c global_colors_info=\u201c{}\u201c][et_pb_text _builder_version=\u201c4.21.0\u201c _module_preset=\u201cdefault\u201c text_text_color=\u201c#202020\u2033 text_font_size=\u201c18px\u201c max_width=\u201c100%\u201c max_width_tablet=\u201c8 0%\u201c max_width_phone =\u201c90%\u201c max_width_last_edited=\u201con|tablet\u201c custom_margin=\u201c0px||0px||false|false\u201c custom_padding=\u201c20px||20px||true|false\u201c Locked=\u201coff\u201c global_colors_info=\u201c{}\u201c]<\/p>\n<p style=\"text-align: center;\">Rufen Sie mich jetzt an oder senden Sie mir eine E-Mail und ich helfe Ihnen, den maximalen Wert f\u00fcr Ihre Gebrauchtmaschinen zu erzielen!<\/p>\n<p>[\/et_pb_text] [dsm_button button_one_text = \u201dnow\u201d button_one_url_type = \u201dTelefon\u201d button_one_phone_number = \u201d51803660 \u2033 button_two_text =\u201d Senden -E -Mail -E -Mail -Schaltfl\u00e4che = \u201dHOVGAGAGAGAGAGRAGAGAGAGRAGAGAGRAGAGAGRAGRAGRAGRAGRAGRAGRAGRAGRAGRAGRAGRAGRAGRAGRAGRAGRAGRAGRAGE. = &quot;Center&quot; _builder_version = &quot; 4.21.0\u2033 _module_preset=\u201cdefault\u201c custom_button_one=\u201con\u201c button_one_text_size=\u201c15px\u201c button_one_text_color=\u201c#333533\u201c button_one_bg_color=\u201c#FFD100\u201c button_one_border_width=\u201c0px\u201c button_one_border_color=\u201c#FFD100\u201c button_one _font=\u201d|||||| &quot; button_one_icon=\u201c\uf879||fa||900\u2033 button_one_icon_placement=\u201cleft\u201c button_one_on_hover=\u201coff\u201c button_one_custom_padding=\u201c15px|40px|15px|50px|true|false\u201c custom_button_two=\u201con\u201c button_two_text_size=\u201c15px\u201c button_two_text_color=\u201c#333533 \u2033 button_two_bg_color=\u201c#FFD100\u2033 button_two_border_width=\u201c0px\u201c button_two_border_color=\u201c#FFD100\u2033 button_two_font=\u201c||||||||\u201c button_two_icon=\u201c\uf0e0||fa||900\u2033 button_two_icon_placement=\u201cleft\u201c button_two_on_hover=\u201coff\u201c button_two_custom_padding=\u201c15px|30px|15px|45px|true|false\u201c hover_enabled=\u201c0\u2033 global_colors_info=\u201c{}\u201c button_one_text_color__hover=\u201c #202020\u2033 button_one_text_color__hover_enabled=\u201con|desktop\u201c button_one_letter_spacing__hover=\u201c0px\u201c button_one_letter_spacing__hover_enabled=\u201con|desktop\u201c button_two_text_color__hover=\u201c#202020\u2033 button_two_text_color__hover_enabled=\u201con|desktop\u201c Schaltfl\u00e4che _two_letter_spacing__hover=\u201c0px \u201d button_two_letter_spacing__hover_enabled=\u201con|desktop\u201c button_one_bg_color__hover_enabled=\u201con| hover\u201c button_two_bg_color__hover_enabled=\u201con|hover\u201c button_two_bg_color__hover=\u201c#ffb200\u201c button_two_bg_enable_color__hover=\u201con\u201c button_one_bg_color__hover=\u201c#ffb200\u201c button_one_bg_enable_color__hover=\u201con\u201c custom_margin=\u201c20px||fals e|false\u201c sticky_enabled=\u201c0\u2033][ \/dsm_button ][ \/et_pb_column][\/et_pb_row][\/et_pb_section]<\/p>","protected":false},"excerpt":{"rendered":"<p>Verkaufen Sie Ihre Maschine \u2013 So funktioniert es Sie entsorgen Ihre gebrauchte Landmaschine, Baumaschine, Ihren Firmenwagen oder LKW? Kontaktieren Sie mich zuerst. Ich biete Ihnen die M\u00f6glichkeit, Ihre Maschinen auf einem gro\u00dfen Online-Auktionsmarkt mit \u00fcber 100.000 registrierten K\u00e4ufern zu verkaufen. Ich habe den Prozess einfach und klar gestaltet. In 4 einfachen Schritten begleite ich Sie vom ersten Treffen bis zum [\u2026]<\/p>","protected":false},"author":1,"featured_media":0,"parent":0,"menu_order":0,"comment_status":"closed","ping_status":"closed","template":"","meta":{"_et_pb_use_builder":"on","_et_pb_old_content":"","_et_gb_content_width":"","rank_math_lock_modified_date":false,"footnotes":""},"class_list":["post-240174","page","type-page","status-publish","hentry"],"_links":{"self":[{"href":"https:\/\/md-trading.dk\/de\/wp-json\/wp\/v2\/pages\/240174","targetHints":{"allow":["GET"]}}],"collection":[{"href":"https:\/\/md-trading.dk\/de\/wp-json\/wp\/v2\/pages"}],"about":[{"href":"https:\/\/md-trading.dk\/de\/wp-json\/wp\/v2\/types\/page"}],"author":[{"embeddable":true,"href":"https:\/\/md-trading.dk\/de\/wp-json\/wp\/v2\/users\/1"}],"replies":[{"embeddable":true,"href":"https:\/\/md-trading.dk\/de\/wp-json\/wp\/v2\/comments?post=240174"}],"version-history":[{"count":22,"href":"https:\/\/md-trading.dk\/de\/wp-json\/wp\/v2\/pages\/240174\/revisions"}],"predecessor-version":[{"id":240245,"href":"https:\/\/md-trading.dk\/de\/wp-json\/wp\/v2\/pages\/240174\/revisions\/240245"}],"wp:attachment":[{"href":"https:\/\/md-trading.dk\/de\/wp-json\/wp\/v2\/media?parent=240174"}],"curies":[{"name":"wp","href":"https:\/\/api.w.org\/{rel}","templated":true}]}}