{"id":237177,"date":"2022-01-25T08:18:51","date_gmt":"2022-01-25T08:18:51","guid":{"rendered":"https:\/\/md-trading.dk\/?page_id=237177"},"modified":"2022-11-22T08:32:03","modified_gmt":"2022-11-22T08:32:03","slug":"profil","status":"publish","type":"page","link":"https:\/\/md-trading.dk\/de\/profil\/","title":{"rendered":"Profil"},"content":{"rendered":"<p>[et_pb_section fb_built=\u201c1\u2033 _builder_version=\u201c4.19.1\u201c use_background_color_gradient=\u201con\u201c background_color_gradient_stops=\u201crgba(0,0,0,0.58) 0%|rgba(0,0,0,0.58) 100%\u201c background_color_gradient_overlays_image=\u201con \u201ebackground_color_gradient_start=\u201crgba(0,0,0,0.58)\u201c background_color_gradient_end=\u201crgba(0,0,0,0.58)\u201c background_image=\u201chttps:\/\/md-trading.dk\/wp-content\/uploads\/2022\/ 11\/IMG_3631-scaled.jpg\u201c custom_padding=\u201c0px||66px||false|false\u201c hover_enabled=\u201c0\u2033 global_colors_info=\u201c{}\u201c title_text=\u201cIMG_3631\u2033 background_position=\u201ctop_center\u201c background_vertical_offset=\u201c25%\u201c sticky_enabled=\u201c 0\u2033][et_pb_row use_custom_gutter=\u201con\u201c gutter_width=\u201c2\u2033 custom_padding_last_edited=\u201con|phone\u201c _builder_version=\u201c4.18.1\u2033 width_tablet=\u201c90%\u201c width_phone=\u201c90%\u201c width_last_edited=\u201con|desktop\u201c max_width=\u201c1440px \u201ecustom_padding=\u201c11vh||0vh||false|false\u201c custom_padding_tablet=\u201c15vh||15vh||true|false\u201c custom_padding_phone=\u201c13vh||13vh||true|false\u201c animation_style=\u201cslide\u201c animation_direction=\u201ctop\u201c animation_duration=\u201c1500ms\u201c global_colors_info=\u201c{}\u201c][et_pb_column type=\u201c4_4\u2033 _builder_version=\u201c4.16\u2033 global_colors_info=\u201c{}\u201c][et_pb_text module_class=\u201csuperscript\u201c _builder_version=\u201c4.18.1\u2033 text_font=\u201c|| ||||||\u201c text_text_color=\u201c#ffffff\u201c text_font_size=\u201c18px\u201c text_line_height=\u201c1em\u201c global_colors_info=\u201c{}\u201c]<\/p>\n<p>\u00dcBER MICH<\/p>\n<p>[\/et_pb_text][et_pb_text _builder_version=\u201c4.18.0\u2033 header_font=\u201c|||||||||\u201c header_text_align=\u201cleft\u201c header_text_color=\u201c#ffffff\u201c header_font_size=\u201c72px\u201c header_line_height=\u201c1.1em\u201c custom_margin=\u201c25px||false|false\u201c custom_margin_tablet=\u201c-10px||false|false\u201c custom_margin_phone=\u201c- 10px||false |false\u201c custom_margin_last_edited=\u201con|phone\u201c header_font_size_tablet=\u201c\u201c header_font_size_phone=\u201c40px\u201c header_font_size_last_edited=\u201con|phone\u201c global_colors_info=\u201c{}\u201c]<\/p>\n<h1>Profil<\/h1>\n<p>[\/et_pb_text][\/et_pb_column][\/et_pb_row][\/et_pb_section][et_pb_section fb_built=\u201c1\u2033 _builder_version=\u201c4.18.1\u201c background_enable_color=\u201coff\u201c custom_padding=\u201c1px||0px||false|false\u201c global_colors_info= \u201d \u201e{}\u201c][et_pb_row columns_structure=\u201c1_2,1_2\u2033 use_custom_gutter=\u201con\u201c gutter_width=\u201c2\u2033 custom_padding_last_edited=\u201con|tablet\u201c _builder_version=\u201c4.19.1\u201c width_tablet=\u201c90%\u201c width_phone=\u201c90%\u201c width_last_edited = \u201eon|desktop\u201c max_width=\u201c1440px\u201c custom_padding=\u201c120px||120px||true|\u201c custom_padding_tablet=\u201c120px|35px|0px|35px|false|false\u201c custom_padding_phone=\u201c|0px||0px|false|false\u201c hover_enabled=\u201c0\u2033 global_colors_info=\u201c{}\u201c sticky_enabled=\u201c0\u2033][et_pb_column type=\u201c 1_2\u2033 _builder_version=\u201c4.16\u2033 custom_padding=\u201c||||false|false\u201c custom_padding_tablet=\u201c0px||35px||false|false\u201c custom_padding_phone=\u201c0px||0px||false|false\u201c custom_padding_last_edited=\u201con|phone \u201d global_colors_info=\u201c{}\u201c][et_pb_text module_class=\u201csuperscript\u201c _builder_version=\u201c4.18.1\u2033 text_font=\u201c|||||||||\u201c text_text_color=\u201c#999999\u2033 text_font_size=\u201c18px\u201c text_line_height=\u201c1em\u201c global_colors_info=\u201c{}\u201c]<\/p>\n<p>\u00dcBER MICH<\/p>\n<p>[\/et_pb_text][et_pb_text _builder_version=\u201c4.18.1\u2033 header_2_font=\u201c|||||||||\u201c header_2_text_align=\u201cleft\u201c header_2_text_color=\u201c#202020\u2033 header_2_font_size=\u201c48px\u201c header_2_line_height=\u201c1.1em\u201c header_3_font=\u201cRoboto|700|||||||\u201c header_3_text_align=\u201cleft\u201c header_3_text_color=\u201c#282828\u2033 header_3_font_size=\u201c48px\u201c header_3_line_height=\u201c1.1em\u201c custom_margin_tablet=\u201c-10px||false|false\u201c custom_margin_phone=\u201c-10px||false|false\u201c custom_margin_last_edited=\u201c am|Telefon\u201c header_3_font_size_tablet=\u201c\u201c header_3_font_size_phone=\u201c30px\u201c header_3_font_size_last_edited=\u201con|phone\u201c global_colors_info=\u201c{}\u201c]<\/p>\n<h2>Profil<\/h2>\n<p>[\/et_pb_text][et_pb_text _builder_version=\u201c4.19.0\u2033 text_font=\u201c|||||||||\u201c text_text_color=\u201c#333533\u2033 text_font_size=\u201c18px\u201c text_line_height=\u201c1.8em\u201c link_font=\u201c|700|||||||\u201c link_text_color=\u201c#2c4d94\u2033 header_5_font=\u201cIBM Plex Sans|700|||||||\u201c header_5_text_color=\u201c#282828\u201c header_5_font_size=\u201c25px\u201c max_width=\u201c600px\u201c max_width_tablet=\u201c900px\u201c max_width_phone=\u201c900px\u201c max_width_last_edited=\u201con|tablet\u201c module_alignment=\u201cleft\u201c custom_margin=\u201c-5px||false|false \u201ecustom_margin_tablet= \u201e-15px||||false|false\u201c custom_margin_phone=\u201c-15px||||false|false\u201c custom_margin_last_edited=\u201con|phone\u201c global_colors_info=\u201c{}\u201c]<\/p>\n<p>MD Trading ApS ist ein Unternehmen, das hart daran arbeitet, Ihrem Unternehmen zu helfen, insbesondere Ihre finanziellen Einnahmen aus dem Verkauf von Gebrauchtger\u00e4ten zu optimieren.<\/p>\n<p>Mit unserer fundierten Kenntnis des Marktes f\u00fcr Gebrauchtger\u00e4te haben wir die einzigartige Gelegenheit, mit vielen guten Referenzen zu den absolut besten Marktpreisen zu verkaufen.<\/p>\n<p>Verkauft oder kostenlos - Sie legen den Mindestpreis f\u00fcr das zu verkaufende Material selbst fest, was Ihnen als Verk\u00e4ufer die einzigartige M\u00f6glichkeit gibt, immer einen zufriedenstellenden Verkauf zu erzielen.<\/p>\n<p>&nbsp;<\/p>\n<p>&nbsp;<\/p>\n<ul class=\"bullit\"><\/ul>\n<p>[\/et_pb_text][\/et_pb_column][et_pb_column type=\u201c1_2\u2033 _builder_version=\u201c4.19.1\u2033 background_image=\u201chttps:\/\/md-trading.dk\/wp-content\/uploads\/2022\/11\/IMG_2390-scaled.jpg \u201ecustom_padding_tablet=\u201c\u201c custom_padding_phone=\u201c|35px|18vh|35px|false|true\u201c custom_padding_last_edited=\u201con|phone\u201c hover_enabled=\u201c0\u2033 global_colors_info=\u201c{}\u201c title_text=\u201cIMG_2390\u2033 sticky_enabled=\u201c0\u2033][et_pb_divider show_divider=\u201coff\u201c _builder_version=\u201c4.18.1\u201c _module_preset=\u201cdefault\u201c height=\u201c60vh\u201c height_tablet=\u201c60vh\u201c height_phone=\u201c20vh\u201c height_last_edited=\u201con|phone\u201c global_colors_info=\u201c{}\u201c][\/et_pb_divider] [\/et_pb_column][\/et_pb_row][\/et_pb_section]<\/p>","protected":false},"excerpt":{"rendered":"<p>\u00dcBER MIGProfil \u00dcBER MIGProfilMD Trading ApS ist ein Unternehmen, das hart daran arbeitet, insbesondere Ihr Unternehmen dabei zu unterst\u00fctzen, Ihre finanziellen Ertr\u00e4ge aus dem Verkauf gebrauchter Ger\u00e4te zu optimieren. Mit unserer fundierten Kenntnis des Marktes f\u00fcr Gebrauchtger\u00e4te haben wir die einmalige Chance, mit vielen guten Referenzen zu den absolut besten Marktpreisen zu verkaufen. [\u2026]<\/p>","protected":false},"author":1,"featured_media":0,"parent":0,"menu_order":0,"comment_status":"closed","ping_status":"closed","template":"","meta":{"_et_pb_use_builder":"on","_et_pb_old_content":"","_et_gb_content_width":"","rank_math_lock_modified_date":false,"footnotes":""},"class_list":["post-237177","page","type-page","status-publish","hentry"],"_links":{"self":[{"href":"https:\/\/md-trading.dk\/de\/wp-json\/wp\/v2\/pages\/237177","targetHints":{"allow":["GET"]}}],"collection":[{"href":"https:\/\/md-trading.dk\/de\/wp-json\/wp\/v2\/pages"}],"about":[{"href":"https:\/\/md-trading.dk\/de\/wp-json\/wp\/v2\/types\/page"}],"author":[{"embeddable":true,"href":"https:\/\/md-trading.dk\/de\/wp-json\/wp\/v2\/users\/1"}],"replies":[{"embeddable":true,"href":"https:\/\/md-trading.dk\/de\/wp-json\/wp\/v2\/comments?post=237177"}],"version-history":[{"count":18,"href":"https:\/\/md-trading.dk\/de\/wp-json\/wp\/v2\/pages\/237177\/revisions"}],"predecessor-version":[{"id":239995,"href":"https:\/\/md-trading.dk\/de\/wp-json\/wp\/v2\/pages\/237177\/revisions\/239995"}],"wp:attachment":[{"href":"https:\/\/md-trading.dk\/de\/wp-json\/wp\/v2\/media?parent=237177"}],"curies":[{"name":"wp","href":"https:\/\/api.w.org\/{rel}","templated":true}]}}